
{"id":387,"date":"2024-06-24T08:39:30","date_gmt":"2024-06-24T07:39:30","guid":{"rendered":"https:\/\/roteirodosaber.com\/politica-de-privacidade\/"},"modified":"2024-10-01T09:39:01","modified_gmt":"2024-10-01T08:39:01","slug":"privacy-policy","status":"publish","type":"page","link":"https:\/\/roteirodosaber.com\/en\/privacy-policy\/","title":{"rendered":"Privacy Policy"},"content":{"rendered":"<p>A Roteiro do Saber, Lda tem como compromisso o respeito pela privacidade dos utilizadores, bem como a prote\u00e7\u00e3o e a seguran\u00e7a dos seus dados pessoais.<\/p>\n<p>Este texto pretende informar o utilizador sobre a forma como a Roteiro do Saber, Lda trata os dados pessoais que lhe s\u00e3o facultados atrav\u00e9s do www.roteirodosaber.com.<\/p>\n<h2>01. \u00c2mbito de aplica\u00e7\u00e3o e respons\u00e1vel pelo tratamento de dados<\/h2>\n<p>Esta pol\u00edtica de privacidade aplica-se a todos os dados pessoais recolhidos atrav\u00e9s do website www.roteirodosaber.pt.<\/p>\n<p>A entidade respons\u00e1vel pelo tratamento destes dados \u00e9:<\/p>\n<p>Roteiro do Saber, Lda, de pessoa coletiva 507732847, com sede em Ponte de Lima, Rua do Navio, N\u00ba 160 4990-624 Ponte de Lima, com capital social de 15 000\u20ac.<\/p>\n<p>O utilizador deve ler com aten\u00e7\u00e3o esta pol\u00edtica de privacidade e decidir de forma livre se pretende facultar os seus dados pessoais \u00e0 Roteiro do Saber, antes de utilizar o website. O utilizador garante que \u00e9 maior de idade e que os dados comunicados s\u00e3o verdadeiros, exatos, completos e atuais, sendo respons\u00e1vel por qualquer desconformidade. Caso os dados comunicados perten\u00e7am a um terceiro, o utilizador garante que informou esse terceiro sobre as condi\u00e7\u00f5es previstas neste documento e que obteve a sua autoriza\u00e7\u00e3o para facultar os seus dados \u00e0 Roteiro do Saber para as finalidades indicadas.<\/p>\n<h2>02. Tratamento dos Dados Pessoais<\/h2>\n<p>Os Dados Pessoais incluem toda a informa\u00e7\u00e3o referente a uma pessoa singular, independentemente do formato (por exemplo, texto, fotografia, v\u00eddeo), que a pode identificar direta ou indiretamente atrav\u00e9s de um ou mais elemento espec\u00edfico da sua identidade f\u00edsica, fisiol\u00f3gica, ps\u00edquica, econ\u00f3mica, cultural ou social.<\/p>\n<p>\u00c9 de referir que, como em qualquer Website, utilizamos tecnologia que recolhe informa\u00e7\u00e3o para al\u00e9m de (por exemplo) nome e morada, tais como endere\u00e7os IP e comportamentos, atitudes e prefer\u00eancias do utilizador. Estes dados s\u00e3o recolhidos por cookies (saiba mais) que visa essencialmente facilitar a utiliza\u00e7\u00e3o do website numa experi\u00eancia de navega\u00e7\u00e3o otimizada.<\/p>\n<h2>03. Formul\u00e1rio de Contacto<\/h2>\n<p>Quando comunica connosco atrav\u00e9s da nossa P\u00e1gina de Contacto e pelo formul\u00e1rio de contacto (\u201cDeixe a sua Mensagem\u201d), poder\u00e1 preencher os campos associados para assim se estabelecer comunica\u00e7\u00e3o. De referir que este contacto n\u00e3o ser\u00e1 utilizado para efeitos de marketing.<\/p>\n<p>Este website utiliza um plugin de formul\u00e1rios de contacto, em que os dados pessoais dos nossos utilizadores\/visitantes inseridos nesse mesmo formul\u00e1rio, ser\u00e3o guardados na nossa base de dados e geridos internamente pelos nossos colaboradores em fun\u00e7\u00e3o do motivo da comunica\u00e7\u00e3o, relacionado com pedido de recrutamento e de outra informa\u00e7\u00e3o.<\/p>\n<p>O prazo da conserva\u00e7\u00e3o desta informa\u00e7\u00e3o pessoal, depender\u00e1 da dura\u00e7\u00e3o necess\u00e1ria tratar os seus dados at\u00e9 \u00e0 finaliza\u00e7\u00e3o do processo e dependendo do motivo do contacto, poder\u00e1 ter que integrar o hist\u00f3rico da nossa base de dados, por exemplo, no caso de \u201cRecrutamento\u201d e &#8220;Informa\u00e7\u00e3o&#8221;.<\/p>\n<p>Quando preenche o formul\u00e1rio para efeitos de Recrutamento, a informa\u00e7\u00e3o enviada ser\u00e1 objeto de an\u00e1lise pelo respons\u00e1vel deste tratamento. Os dados pessoais e os Curr\u00edculos ser\u00e3o guardados enquanto entendermos importante mant\u00ea-lo na nossa base de dados como sendo um potencial candidato.<\/p>\n<p>Conte\u00fado incorporado de outros websites<\/p>\n<p>Os artigos neste website podem incluir conte\u00fado incorporado (por exemplo: v\u00eddeos, imagens, artigos, etc.) com hiperliga\u00e7\u00e3o para outros websites e nestes casos, comporta-se tal como se o utilizador visitasse esses websites com a sua pr\u00f3pria pol\u00edtica de privacidade.<\/p>\n<h2>04. Acesso aos seus Dados Pessoais por Terceiros<\/h2>\n<p>Os dados fornecidos com a subscri\u00e7\u00e3o n\u00e3o ser\u00e3o transferidos a terceiros al\u00e9m dos termos previstos nesta declara\u00e7\u00e3o.<\/p>\n<p>Mais informamos que no exerc\u00edcio da nossa atividade profissional, cooperamos com entidades terceiras al\u00e9m das j\u00e1 referidas nesta DECLARA\u00c7\u00c3O, como prestadores de servi\u00e7os, suscet\u00edveis de processarem os seus dados. Para al\u00e9m da autoriza\u00e7\u00e3o expressa pelo titular dos dados previamente concedida para o tratamento dos seus dados, informaremos sempre que poss\u00edvel, destas entidades e do tratamento que fazem aos seus dados.<\/p>\n<p>Reiteramos que apenas autorizaremos tal acesso \u00e0s entidades que garantam assegurar os dados dos nossos utilizadores e para tal, foram tomadas as medidas adequadas para que os nossos parceiros cumpram todas as suas obriga\u00e7\u00f5es relativas \u00e0 prote\u00e7\u00e3o dos seus dados.<\/p>\n<h2>05. Direitos sobre os seus Dados Pessoais<\/h2>\n<p>Os seus dados pessoais ser\u00e3o divulgados por raz\u00f5es relacionadas:<\/p>\n<ul>\n<li>Com exig\u00eancias legais;<\/li>\n<li>Com a prote\u00e7\u00e3o dos nossos clientes, por exemplo, para evitar spam ou tentativas de defraudar os utilizadores dos nossos produtos, ou at\u00e9 para ajudar a evitar les\u00f5es graves ou a perda de vidas;<\/li>\n<li>Com a operabilidade e manuten\u00e7\u00e3o da seguran\u00e7a dos nossos produtos, incluindo evitar ou impedir um ataque nos nossos sistemas inform\u00e1ticos ou redes; ou<\/li>\n<li>Com a prote\u00e7\u00e3o dos direitos ou a propriedade das empresas, incluindo a aplica\u00e7\u00e3o dos termos que regem a utiliza\u00e7\u00e3o dos servi\u00e7os; no entanto, se recebermos informa\u00e7\u00f5es que indiquem que algu\u00e9m est\u00e1 a utilizar os nossos servi\u00e7os para traficar propriedade f\u00edsica ou intelectual furtada, n\u00e3o inspecionamos a vida privada do cliente por conta pr\u00f3pria, mas podemos denunciar a quest\u00e3o \u00e0s autoridades.<\/li>\n<\/ul>\n<h2>06. Restri\u00e7\u00f5es sobre o uso do website<\/h2>\n<p>O utilizador n\u00e3o pode copiar nem usar o servi\u00e7o inerente neste website, nem partes do mesmo, incluindo informa\u00e7\u00e3o sobre patentes, direitos de autor, marcas registadas, e outros direitos de propriedade intelectual, nem os nomes dos participantes ou colaboradores do servi\u00e7o, e respetivas varia\u00e7\u00f5es ou modifica\u00e7\u00f5es, para nenhum fim, sem a pr\u00e9via autoriza\u00e7\u00e3o escrita por parte da empresa Roteiro do Saber.<\/p>\n<p>Para solicitar as informa\u00e7\u00f5es que considere necess\u00e1rias relativamente ao processamento e tratamento dos mesmos, por favor contacte-nos, utilizando para esse efeito o formul\u00e1rio de contacto, selecionando a op\u00e7\u00e3o \u201cInforma\u00e7\u00e3o\u201d. Nesse sentido, ser\u00e3o necess\u00e1rios os elementos comprovativos da titularidade dos respetivos dados pessoais. Em caso de pedidos infundados e excessivos, poder\u00e1 ser aplicado um custo.<\/p>\n","protected":false},"excerpt":{"rendered":"<p>A Roteiro do Saber, Lda tem como compromisso o respeito pela privacidade dos utilizadores, bem como a prote\u00e7\u00e3o e a seguran\u00e7a dos seus dados pessoais. [&hellip;]<\/p>\n","protected":false},"author":1,"featured_media":0,"parent":0,"menu_order":0,"comment_status":"closed","ping_status":"closed","template":"","meta":{"footnotes":""},"class_list":["post-387","page","type-page","status-publish","hentry"],"_links":{"self":[{"href":"https:\/\/roteirodosaber.com\/en\/wp-json\/wp\/v2\/pages\/387","targetHints":{"allow":["GET"]}}],"collection":[{"href":"https:\/\/roteirodosaber.com\/en\/wp-json\/wp\/v2\/pages"}],"about":[{"href":"https:\/\/roteirodosaber.com\/en\/wp-json\/wp\/v2\/types\/page"}],"author":[{"embeddable":true,"href":"https:\/\/roteirodosaber.com\/en\/wp-json\/wp\/v2\/users\/1"}],"replies":[{"embeddable":true,"href":"https:\/\/roteirodosaber.com\/en\/wp-json\/wp\/v2\/comments?post=387"}],"version-history":[{"count":1,"href":"https:\/\/roteirodosaber.com\/en\/wp-json\/wp\/v2\/pages\/387\/revisions"}],"predecessor-version":[{"id":389,"href":"https:\/\/roteirodosaber.com\/en\/wp-json\/wp\/v2\/pages\/387\/revisions\/389"}],"wp:attachment":[{"href":"https:\/\/roteirodosaber.com\/en\/wp-json\/wp\/v2\/media?parent=387"}],"curies":[{"name":"wp","href":"https:\/\/api.w.org\/{rel}","templated":true}]}}