
{"id":507,"date":"2024-06-27T14:01:46","date_gmt":"2024-06-27T13:01:46","guid":{"rendered":"https:\/\/roteirodosaber.com\/politica-ambiental\/"},"modified":"2024-12-16T11:50:04","modified_gmt":"2024-12-16T11:50:04","slug":"politica-ambiental","status":"publish","type":"page","link":"https:\/\/roteirodosaber.com\/es\/politica-ambiental\/","title":{"rendered":"Pol\u00edtica Ambiental"},"content":{"rendered":"<p>Roteiro do Saber se compromete a ofrecer servicios y soluciones de calidad que satisfagan las necesidades de nuestros clientes, al mismo tiempo que contribuimos al desarrollo socioecon\u00f3mico de las regiones en las que operamos.<\/p>\n<p>Con determinaci\u00f3n, asumimos un papel importante en el desarrollo socioecon\u00f3mico de nuestra regi\u00f3n y de la amplia comunidad a la que servimos. Al mismo tiempo, estamos dedicados a promover pr\u00e1cticas que respeten los principios del desarrollo sostenible y la preservaci\u00f3n del medio ambiente.<\/p>\n","protected":false},"excerpt":{"rendered":"<p>Roteiro do Saber se compromete a ofrecer servicios y soluciones de calidad que satisfagan las necesidades de nuestros clientes, al mismo tiempo que contribuimos al [&hellip;]<\/p>\n","protected":false},"author":1,"featured_media":0,"parent":0,"menu_order":0,"comment_status":"closed","ping_status":"closed","template":"","meta":{"footnotes":""},"class_list":["post-507","page","type-page","status-publish","hentry"],"_links":{"self":[{"href":"https:\/\/roteirodosaber.com\/es\/wp-json\/wp\/v2\/pages\/507","targetHints":{"allow":["GET"]}}],"collection":[{"href":"https:\/\/roteirodosaber.com\/es\/wp-json\/wp\/v2\/pages"}],"about":[{"href":"https:\/\/roteirodosaber.com\/es\/wp-json\/wp\/v2\/types\/page"}],"author":[{"embeddable":true,"href":"https:\/\/roteirodosaber.com\/es\/wp-json\/wp\/v2\/users\/1"}],"replies":[{"embeddable":true,"href":"https:\/\/roteirodosaber.com\/es\/wp-json\/wp\/v2\/comments?post=507"}],"version-history":[{"count":1,"href":"https:\/\/roteirodosaber.com\/es\/wp-json\/wp\/v2\/pages\/507\/revisions"}],"predecessor-version":[{"id":619,"href":"https:\/\/roteirodosaber.com\/es\/wp-json\/wp\/v2\/pages\/507\/revisions\/619"}],"wp:attachment":[{"href":"https:\/\/roteirodosaber.com\/es\/wp-json\/wp\/v2\/media?parent=507"}],"curies":[{"name":"wp","href":"https:\/\/api.w.org\/{rel}","templated":true}]}}