
{"id":509,"date":"2024-06-27T14:01:04","date_gmt":"2024-06-27T13:01:04","guid":{"rendered":"https:\/\/roteirodosaber.com\/politica-de-qualidade\/"},"modified":"2024-12-16T12:01:32","modified_gmt":"2024-12-16T12:01:32","slug":"politica-de-calidad","status":"publish","type":"page","link":"https:\/\/roteirodosaber.com\/es\/politica-de-calidad\/","title":{"rendered":"Pol\u00edtica de Calidad"},"content":{"rendered":"<p>Roteiro do Saber es un proveedor de servicios dedicado a la calidad, la atenci\u00f3n al detalle y la maximizaci\u00f3n de los recursos, con un \u00fanico objetivo: ofrecer un servicio excelente a nuestros clientes.<\/p>\n<p>Enfocados en satisfacer las necesidades del cliente, nos esforzamos, junto con todos nuestros empleados, por encontrar las soluciones de servicio m\u00e1s efectivas. Esta constante b\u00fasqueda de mejora incluye compartir experiencias, inquietudes y responsabilidades, siempre con el objetivo de proporcionar un servicio personalizado que inspire la m\u00e1xima seguridad y confianza en nuestros clientes y socios.<\/p>\n","protected":false},"excerpt":{"rendered":"<p>Roteiro do Saber es un proveedor de servicios dedicado a la calidad, la atenci\u00f3n al detalle y la maximizaci\u00f3n de los recursos, con un \u00fanico [&hellip;]<\/p>\n","protected":false},"author":1,"featured_media":1067,"parent":0,"menu_order":0,"comment_status":"closed","ping_status":"closed","template":"","meta":{"footnotes":""},"class_list":["post-509","page","type-page","status-publish","has-post-thumbnail","hentry"],"_links":{"self":[{"href":"https:\/\/roteirodosaber.com\/es\/wp-json\/wp\/v2\/pages\/509","targetHints":{"allow":["GET"]}}],"collection":[{"href":"https:\/\/roteirodosaber.com\/es\/wp-json\/wp\/v2\/pages"}],"about":[{"href":"https:\/\/roteirodosaber.com\/es\/wp-json\/wp\/v2\/types\/page"}],"author":[{"embeddable":true,"href":"https:\/\/roteirodosaber.com\/es\/wp-json\/wp\/v2\/users\/1"}],"replies":[{"embeddable":true,"href":"https:\/\/roteirodosaber.com\/es\/wp-json\/wp\/v2\/comments?post=509"}],"version-history":[{"count":1,"href":"https:\/\/roteirodosaber.com\/es\/wp-json\/wp\/v2\/pages\/509\/revisions"}],"predecessor-version":[{"id":620,"href":"https:\/\/roteirodosaber.com\/es\/wp-json\/wp\/v2\/pages\/509\/revisions\/620"}],"wp:featuredmedia":[{"embeddable":true,"href":"https:\/\/roteirodosaber.com\/es\/wp-json\/wp\/v2\/media\/1067"}],"wp:attachment":[{"href":"https:\/\/roteirodosaber.com\/es\/wp-json\/wp\/v2\/media?parent=509"}],"curies":[{"name":"wp","href":"https:\/\/api.w.org\/{rel}","templated":true}]}}