
{"id":510,"date":"2024-09-18T12:23:00","date_gmt":"2024-09-18T11:23:00","guid":{"rendered":"https:\/\/roteirodosaber.com\/politica-de-seguranca-saude-e-ambiente\/"},"modified":"2026-01-29T09:57:16","modified_gmt":"2026-01-29T09:57:16","slug":"politica-de-salud-y-seguridad","status":"publish","type":"page","link":"https:\/\/roteirodosaber.com\/es\/politica-de-salud-y-seguridad\/","title":{"rendered":"Pol\u00edtica de Seguridad y Salud en el Trabajo"},"content":{"rendered":"<p><strong>1. Declaraci\u00f3n de principios<\/strong><\/p>\n<p>Roteiro do Saber, Lda reconoce que la Seguridad y Salud en el Trabajo (SST) es un valor fundamental y un factor esencial para el bienestar de sus trabajadores, la sostenibilidad de la organizaci\u00f3n y la calidad de sus actividades.<br data-start=\"5102\" data-end=\"5105\" \/>La empresa se compromete a proporcionar condiciones de trabajo seguras y saludables, previniendo accidentes de trabajo, incidentes peligrosos y enfermedades profesionales, promoviendo una cultura de prevenci\u00f3n y mejora continua.<\/p>\n<p>&nbsp;<\/p>\n<p><strong>2. \u00c1mbito de aplicaci\u00f3n<\/strong><\/p>\n<p data-start=\"2840\" data-end=\"3115\">Esta Pol\u00edtica se aplica a todos los trabajadores de la empresa, independientemente del v\u00ednculo contractual, as\u00ed como a los prestadores de servicios, proveedores y otras partes interesadas que desarrollen actividades bajo el control de la organizaci\u00f3n.<\/p>\n<p>&nbsp;<\/p>\n<p><strong>3. Compromisos de la organizaci\u00f3n<\/strong><\/p>\n<p data-start=\"774\" data-end=\"895\">En materia de Seguridad y Salud en el Trabajo, Roteiro do Saber, Lda se compromete a:<\/p>\n<ul>\n<li data-start=\"5746\" data-end=\"5831\">\n<p data-start=\"5748\" data-end=\"5831\">Cumplir la legislaci\u00f3n aplicable y otros requisitos pertinentes en materia de SST<\/p>\n<\/li>\n<li data-start=\"5832\" data-end=\"5918\">\n<p data-start=\"5834\" data-end=\"5918\">Identificar, evaluar y controlar los riesgos laborales asociados a sus actividades<\/p>\n<\/li>\n<li data-start=\"5919\" data-end=\"5994\">\n<p data-start=\"5921\" data-end=\"5994\">Prevenir accidentes de trabajo, incidentes y enfermedades profesionales<\/p>\n<\/li>\n<li data-start=\"5995\" data-end=\"6047\">\n<p data-start=\"5997\" data-end=\"6047\">Promover la mejora continua del desempe\u00f1o en SST<\/p>\n<\/li>\n<li data-start=\"6048\" data-end=\"6128\">\n<p data-start=\"6050\" data-end=\"6128\">Poner a disposici\u00f3n los recursos necesarios para implantar pr\u00e1cticas seguras<\/p>\n<\/li>\n<li data-start=\"6129\" data-end=\"6212\">\n<p data-start=\"6131\" data-end=\"6212\">Garantizar la consulta y participaci\u00f3n de los trabajadores en cuestiones de SST<\/p>\n<\/li>\n<li data-start=\"6213\" data-end=\"6301\">\n<p data-start=\"6215\" data-end=\"6301\">Promover la formaci\u00f3n, sensibilizaci\u00f3n e informaci\u00f3n adecuadas para los trabajadores<\/p>\n<\/li>\n<li data-start=\"6302\" data-end=\"6359\">\n<p data-start=\"6304\" data-end=\"6359\">Integrar la SST en la gesti\u00f3n global de la organizaci\u00f3n<\/p>\n<\/li>\n<\/ul>\n<p>&nbsp;<\/p>\n<p><strong>4. Responsabilidades<\/strong><\/p>\n<p>La Direcci\u00f3n asume la responsabilidad de liderar y apoyar la implementaci\u00f3n de esta Pol\u00edtica, garantizando su difusi\u00f3n, comprensi\u00f3n y aplicaci\u00f3n en todos los niveles de la organizaci\u00f3n.<br data-start=\"6573\" data-end=\"6576\" \/>Todos los trabajadores deben cumplir las normas y procedimientos de SST, adoptar comportamientos seguros y colaborar en la identificaci\u00f3n de peligros y en la mejora de las condiciones de trabajo.<\/p>\n<p>&nbsp;<\/p>\n<p><strong>5. Comunicaci\u00f3n y difusi\u00f3n<\/strong><\/p>\n<p data-start=\"4314\" data-end=\"4514\">Esta Pol\u00edtica se comunica a todos los trabajadores y est\u00e1 disponible para las partes interesadas pertinentes, promoviendo su comprensi\u00f3n y cumplimiento.<\/p>\n<p>&nbsp;<\/p>\n<p><strong>6. Revisi\u00f3n de la pol\u00edtica<\/strong><\/p>\n<div class=\"flex flex-col text-sm pb-25\">\n<article class=\"text-token-text-primary w-full focus:outline-none [--shadow-height:45px] has-data-writing-block:pointer-events-none has-data-writing-block:-mt-(--shadow-height) has-data-writing-block:pt-(--shadow-height) [&amp;:has([data-writing-block])&gt;*]:pointer-events-auto scroll-mt-[calc(var(--header-height)+min(200px,max(70px,20svh)))]\" dir=\"auto\" tabindex=\"-1\" data-turn-id=\"da5fdf64-9097-43d2-87af-61ba74088847\" data-testid=\"conversation-turn-24\" data-scroll-anchor=\"true\" data-turn=\"assistant\">\n<div class=\"text-base my-auto mx-auto pb-10 [--thread-content-margin:--spacing(4)] @w-sm\/main:[--thread-content-margin:--spacing(6)] @w-lg\/main:[--thread-content-margin:--spacing(16)] px-(--thread-content-margin)\">\n<div class=\"[--thread-content-max-width:40rem] @w-lg\/main:[--thread-content-max-width:48rem] mx-auto max-w-(--thread-content-max-width) flex-1 group\/turn-messages focus-visible:outline-hidden relative flex w-full min-w-0 flex-col agent-turn\" tabindex=\"-1\">\n<div class=\"flex max-w-full flex-col grow\">\n<div class=\"min-h-8 text-message relative flex w-full flex-col items-end gap-2 text-start break-words whitespace-normal [.text-message+&amp;]:mt-1\" dir=\"auto\" data-message-author-role=\"assistant\" data-message-id=\"7aa1612c-b3bc-4257-a70f-573e3e9d669a\" data-message-model-slug=\"gpt-5-2-thinking\">\n<div class=\"flex w-full flex-col gap-1 empty:hidden first:pt-[1px]\">\n<div class=\"markdown prose dark:prose-invert w-full wrap-break-word dark markdown-new-styling\">\n<p data-start=\"6960\" data-end=\"7233\">La presente Pol\u00edtica de Seguridad y Salud en el Trabajo ser\u00e1 revisada peri\u00f3dicamente, o cuando sea necesario, para garantizar su adecuaci\u00f3n a la actividad de la organizaci\u00f3n, a la legislaci\u00f3n aplicable y a los principios de mejora continua.<\/p>\n<\/div>\n<\/div>\n<\/div>\n<\/div>\n<div class=\"z-0 flex min-h-[46px] justify-start\"><\/div>\n<div class=\"mt-3 w-full empty:hidden\">\n<div class=\"text-center\"><\/div>\n<\/div>\n<\/div>\n<\/div>\n<\/article>\n<\/div>\n","protected":false},"excerpt":{"rendered":"<p>1. Declaraci\u00f3n de principios Roteiro do Saber, Lda reconoce que la Seguridad y Salud en el Trabajo (SST) es un valor fundamental y un factor [&hellip;]<\/p>\n","protected":false},"author":3,"featured_media":0,"parent":0,"menu_order":0,"comment_status":"closed","ping_status":"closed","template":"","meta":{"footnotes":""},"class_list":["post-510","page","type-page","status-publish","hentry"],"_links":{"self":[{"href":"https:\/\/roteirodosaber.com\/es\/wp-json\/wp\/v2\/pages\/510","targetHints":{"allow":["GET"]}}],"collection":[{"href":"https:\/\/roteirodosaber.com\/es\/wp-json\/wp\/v2\/pages"}],"about":[{"href":"https:\/\/roteirodosaber.com\/es\/wp-json\/wp\/v2\/types\/page"}],"author":[{"embeddable":true,"href":"https:\/\/roteirodosaber.com\/es\/wp-json\/wp\/v2\/users\/3"}],"replies":[{"embeddable":true,"href":"https:\/\/roteirodosaber.com\/es\/wp-json\/wp\/v2\/comments?post=510"}],"version-history":[{"count":3,"href":"https:\/\/roteirodosaber.com\/es\/wp-json\/wp\/v2\/pages\/510\/revisions"}],"predecessor-version":[{"id":1140,"href":"https:\/\/roteirodosaber.com\/es\/wp-json\/wp\/v2\/pages\/510\/revisions\/1140"}],"wp:attachment":[{"href":"https:\/\/roteirodosaber.com\/es\/wp-json\/wp\/v2\/media?parent=510"}],"curies":[{"name":"wp","href":"https:\/\/api.w.org\/{rel}","templated":true}]}}