
{"id":704,"date":"2024-10-31T16:39:53","date_gmt":"2024-10-31T16:39:53","guid":{"rendered":"https:\/\/roteirodosaber.com\/campanha-de-lancamento\/"},"modified":"2025-05-06T16:09:58","modified_gmt":"2025-05-06T15:09:58","slug":"campana-de-lanzamiento","status":"publish","type":"page","link":"https:\/\/roteirodosaber.com\/es\/campana-de-lanzamiento\/","title":{"rendered":"Campa\u00f1a de Lanzamiento"},"content":{"rendered":"<h2>Energ\u00eda Inteligente para el Futuro<\/h2>\n<p>Descubre SigenStor, la innovadora soluci\u00f3n de almacenamiento de energ\u00eda, ahora disponible en Roteiro do Saber.<\/p>\n<p>Disponible para su uso con o sin paneles solares.<\/p>\n<p>Obt\u00e9n un sistema energ\u00e9tico todo en uno que combina bater\u00eda, inversor solar, cargador EV de corriente continua, gesti\u00f3n inteligente de energ\u00eda y fuente de respaldo en un solo dispositivo.<\/p>\n<p><strong>. Eficiencia y sostenibilidad<\/strong> \u2013 Almacena energ\u00eda solar y reduce la dependencia de la red el\u00e9ctrica<br \/>\n<strong>. Dise\u00f1o modular y flexible<\/strong> \u2013 Ampl\u00eda la capacidad hasta 48 kWh seg\u00fan tus necesidades<br \/>\n<strong>. Carga inteligente para veh\u00edculos el\u00e9ctricos<\/strong> \u2013 Optimiza el consumo y carga tu veh\u00edculo directamente con energ\u00eda solar<br \/>\n<strong>. Gesti\u00f3n energ\u00e9tica optimizada con IA <\/strong>\u2013 Supervisa y controla tu energ\u00eda a trav\u00e9s de una aplicaci\u00f3n intuitiva<br \/>\n<strong>. Fuente de energ\u00eda de respaldo<\/strong> \u2013 Prot\u00e9gete contra cortes de energ\u00eda y garantiza un suministro continuo<\/p>\n<p><img loading=\"lazy\" decoding=\"async\" class=\"alignnone wp-image-681\" src=\"https:\/\/roteirodosaber.com\/wp-content\/uploads\/2025\/02\/Group-120-209x300.png\" alt=\"\" width=\"312\" height=\"448\" srcset=\"https:\/\/roteirodosaber.com\/wp-content\/uploads\/2025\/02\/Group-120-209x300.png 209w, https:\/\/roteirodosaber.com\/wp-content\/uploads\/2025\/02\/Group-120.png 695w\" sizes=\"auto, (max-width: 312px) 100vw, 312px\" \/><\/p>\n<p data-pm-slice=\"1 1 []\">Si buscas una soluci\u00f3n energ\u00e9tica de alto rendimiento para tu hogar o negocio, SigenStor es la respuesta.<\/p>\n<p data-pm-slice=\"1 1 []\">Cont\u00e1ctanos para obtener m\u00e1s informaci\u00f3n sobre precios, instalaci\u00f3n y soporte t\u00e9cnico.<\/p>\n","protected":false},"excerpt":{"rendered":"<p>Energ\u00eda Inteligente para el Futuro Descubre SigenStor, la innovadora soluci\u00f3n de almacenamiento de energ\u00eda, ahora disponible en Roteiro do Saber. Disponible para su uso con [&hellip;]<\/p>\n","protected":false},"author":1,"featured_media":684,"parent":0,"menu_order":0,"comment_status":"closed","ping_status":"closed","template":"page-campanhas-baterias.php","meta":{"footnotes":""},"class_list":["post-704","page","type-page","status-publish","has-post-thumbnail","hentry"],"_links":{"self":[{"href":"https:\/\/roteirodosaber.com\/es\/wp-json\/wp\/v2\/pages\/704","targetHints":{"allow":["GET"]}}],"collection":[{"href":"https:\/\/roteirodosaber.com\/es\/wp-json\/wp\/v2\/pages"}],"about":[{"href":"https:\/\/roteirodosaber.com\/es\/wp-json\/wp\/v2\/types\/page"}],"author":[{"embeddable":true,"href":"https:\/\/roteirodosaber.com\/es\/wp-json\/wp\/v2\/users\/1"}],"replies":[{"embeddable":true,"href":"https:\/\/roteirodosaber.com\/es\/wp-json\/wp\/v2\/comments?post=704"}],"version-history":[{"count":4,"href":"https:\/\/roteirodosaber.com\/es\/wp-json\/wp\/v2\/pages\/704\/revisions"}],"predecessor-version":[{"id":792,"href":"https:\/\/roteirodosaber.com\/es\/wp-json\/wp\/v2\/pages\/704\/revisions\/792"}],"wp:featuredmedia":[{"embeddable":true,"href":"https:\/\/roteirodosaber.com\/es\/wp-json\/wp\/v2\/media\/684"}],"wp:attachment":[{"href":"https:\/\/roteirodosaber.com\/es\/wp-json\/wp\/v2\/media?parent=704"}],"curies":[{"name":"wp","href":"https:\/\/api.w.org\/{rel}","templated":true}]}}