
{"id":1142,"date":"2026-01-28T13:03:43","date_gmt":"2026-01-28T13:03:43","guid":{"rendered":"https:\/\/roteirodosaber.com\/compromisso-esg-da-roteiro-do-saber\/"},"modified":"2026-01-29T10:01:44","modified_gmt":"2026-01-29T10:01:44","slug":"politique-engagement-esg","status":"publish","type":"page","link":"https:\/\/roteirodosaber.com\/fr\/politique-engagement-esg\/","title":{"rendered":"Politique \/ Engagement ESG"},"content":{"rendered":"<p data-start=\"2492\" data-end=\"2847\">Chez <strong>Roteiro do Saber,<\/strong> nous croyons que la croissance durable des organisations passe par une gestion responsable, \u00e9thique et consciente de son impact sur l\u2019environnement et la soci\u00e9t\u00e9. C\u2019est pourquoi nous int\u00e9grons les principes ESG \u2014 <strong>Environnemental, Social et Gouvernance<\/strong> \u2014 dans notre mani\u00e8re d\u2019agir, de d\u00e9cider et de nous relier aux parties prenantes.<\/p>\n<h2>Environnemental<\/h2>\n<p data-start=\"2870\" data-end=\"3042\">Nous nous engageons \u00e0 minimiser les impacts environnementaux de nos activit\u00e9s et \u00e0 promouvoir une utilisation efficace des ressources naturelles. Nos pratiques incluent :<\/p>\n<ul>\n<li data-start=\"3043\" data-end=\"3106\">\n<p data-start=\"3045\" data-end=\"3106\">Gestion responsable de la consommation d\u2019eau et d\u2019\u00e9nergie ;<\/p>\n<\/li>\n<li data-start=\"3107\" data-end=\"3175\">\n<p data-start=\"3109\" data-end=\"3175\">Mise en \u0153uvre de mesures d\u2019adaptation au changement climatique ;<\/p>\n<\/li>\n<li data-start=\"3176\" data-end=\"3234\">\n<p data-start=\"3178\" data-end=\"3234\">Minimisation des risques et impacts environnementaux ;<\/p>\n<\/li>\n<li data-start=\"3235\" data-end=\"3311\">\n<p data-start=\"3237\" data-end=\"3311\">Protection de la biodiversit\u00e9 et valorisation des espaces environnants ;<\/p>\n<\/li>\n<li data-start=\"3312\" data-end=\"3394\">\n<p data-start=\"3314\" data-end=\"3394\">Promotion de la r\u00e9duction des d\u00e9chets et des bonnes pratiques environnementales.<\/p>\n<\/li>\n<\/ul>\n<p data-start=\"3396\" data-end=\"3522\">Ces actions refl\u00e8tent notre pr\u00e9occupation pour la pr\u00e9servation de l\u2019environnement et la construction d\u2019un avenir plus durable.<\/p>\n<h2>Social<\/h2>\n<p data-start=\"3536\" data-end=\"3697\">Nous pla\u00e7ons les personnes au c\u0153ur de notre action. Nous valorisons des relations fond\u00e9es sur le respect, l\u2019inclusion et la responsabilit\u00e9 sociale, \u00e0 travers :<\/p>\n<ul>\n<li data-start=\"3698\" data-end=\"3765\">\n<p data-start=\"3700\" data-end=\"3765\">La promotion de conditions de travail justes, s\u00fbres et dignes ;<\/p>\n<\/li>\n<li data-start=\"3766\" data-end=\"3829\">\n<p data-start=\"3768\" data-end=\"3829\">Le respect des droits humains et de l\u2019\u00e9galit\u00e9 des chances ;<\/p>\n<\/li>\n<li data-start=\"3830\" data-end=\"3899\">\n<p data-start=\"3832\" data-end=\"3899\">La sensibilisation et la formation \u00e0 des pratiques responsables ;<\/p>\n<\/li>\n<li data-start=\"3900\" data-end=\"3958\">\n<p data-start=\"3902\" data-end=\"3958\">L\u2019implication de la communaut\u00e9 et de nos partenaires ;<\/p>\n<\/li>\n<li data-start=\"3959\" data-end=\"4031\">\n<p data-start=\"3961\" data-end=\"4031\">La promotion d\u2019une culture organisationnelle \u00e9thique et collaborative.<\/p>\n<\/li>\n<\/ul>\n<p data-start=\"4033\" data-end=\"4160\">Notre engagement social se traduit par la cr\u00e9ation de valeur pour les collaborateurs, formateurs, partenaires et la communaut\u00e9.<\/p>\n<h2>Governance<\/h2>\n<p data-start=\"4179\" data-end=\"4355\">Nous adoptons des principes de bonne gouvernance, en assurant transparence, int\u00e9grit\u00e9 et responsabilit\u00e9 dans la gestion de l\u2019organisation. \u00c0 ce titre, nous mettons en avant :<\/p>\n<ul>\n<li data-start=\"4356\" data-end=\"4422\">\n<p data-start=\"4358\" data-end=\"4422\">Des proc\u00e9dures d\u2019int\u00e9grit\u00e9 et de pr\u00e9vention de la corruption ;<\/p>\n<\/li>\n<li data-start=\"4423\" data-end=\"4493\">\n<p data-start=\"4425\" data-end=\"4493\">Le respect strict de la l\u00e9gislation et des exigences applicables ;<\/p>\n<\/li>\n<li data-start=\"4494\" data-end=\"4576\">\n<p data-start=\"4496\" data-end=\"4576\">L\u2019int\u00e9gration progressive de crit\u00e8res ESG dans la s\u00e9lection des fournisseurs ;<\/p>\n<\/li>\n<li data-start=\"4577\" data-end=\"4665\">\n<p data-start=\"4579\" data-end=\"4665\">La promotion d\u2019une culture d\u2019\u00e9thique, de responsabilit\u00e9 et d\u2019am\u00e9lioration continue ;<\/p>\n<\/li>\n<li data-start=\"4666\" data-end=\"4746\">\n<p data-start=\"4668\" data-end=\"4746\">Une communication transparente sur la performance et le syst\u00e8me de management.<\/p>\n<\/li>\n<\/ul>\n<h2>Notre engagement<\/h2>\n<p data-start=\"4770\" data-end=\"5052\">L\u2019approche ESG de Roteiro do Saber est un processus continu d\u2019\u00e9volution et d\u2019am\u00e9lioration. Nous travaillons chaque jour pour renforcer des pratiques durables, r\u00e9duire les risques et cr\u00e9er de la valeur \u00e0 long terme, en contribuant \u00e0 une soci\u00e9t\u00e9 plus juste, responsable et r\u00e9siliente.<\/p>\n<p data-start=\"5054\" data-end=\"5196\">Cet engagement refl\u00e8te notre vision de l\u2019avenir et la responsabilit\u00e9 que nous assumons envers les personnes, l\u2019environnement et la communaut\u00e9.<\/p>\n","protected":false},"excerpt":{"rendered":"<p>Chez Roteiro do Saber, nous croyons que la croissance durable des organisations passe par une gestion responsable, \u00e9thique et consciente de son impact sur l\u2019environnement [&hellip;]<\/p>\n","protected":false},"author":1,"featured_media":0,"parent":0,"menu_order":0,"comment_status":"closed","ping_status":"closed","template":"","meta":{"footnotes":""},"class_list":["post-1142","page","type-page","status-publish","hentry"],"_links":{"self":[{"href":"https:\/\/roteirodosaber.com\/fr\/wp-json\/wp\/v2\/pages\/1142","targetHints":{"allow":["GET"]}}],"collection":[{"href":"https:\/\/roteirodosaber.com\/fr\/wp-json\/wp\/v2\/pages"}],"about":[{"href":"https:\/\/roteirodosaber.com\/fr\/wp-json\/wp\/v2\/types\/page"}],"author":[{"embeddable":true,"href":"https:\/\/roteirodosaber.com\/fr\/wp-json\/wp\/v2\/users\/1"}],"replies":[{"embeddable":true,"href":"https:\/\/roteirodosaber.com\/fr\/wp-json\/wp\/v2\/comments?post=1142"}],"version-history":[{"count":3,"href":"https:\/\/roteirodosaber.com\/fr\/wp-json\/wp\/v2\/pages\/1142\/revisions"}],"predecessor-version":[{"id":1149,"href":"https:\/\/roteirodosaber.com\/fr\/wp-json\/wp\/v2\/pages\/1142\/revisions\/1149"}],"wp:attachment":[{"href":"https:\/\/roteirodosaber.com\/fr\/wp-json\/wp\/v2\/media?parent=1142"}],"curies":[{"name":"wp","href":"https:\/\/api.w.org\/{rel}","templated":true}]}}