
{"id":294,"date":"2024-06-24T10:31:23","date_gmt":"2024-06-24T09:31:23","guid":{"rendered":"https:\/\/roteirodosaber.com\/apresentacao\/"},"modified":"2025-01-06T13:00:17","modified_gmt":"2025-01-06T13:00:17","slug":"qui-sommes-nous","status":"publish","type":"page","link":"https:\/\/roteirodosaber.com\/fr\/qui-sommes-nous\/","title":{"rendered":"Qui sommes-nous"},"content":{"rendered":"<p>Fond\u00e9e en <strong>2006<\/strong>, Roteiro do Saber se sp\u00e9cialise principalement dans la rel\u00e8ve des compteurs d&rsquo;\u00e9lectricit\u00e9, de gaz et d&rsquo;eau dans les r\u00e9gions du Minho et de Tr\u00e1s-os-Montes, traitant les relev\u00e9s d&rsquo;environ 400 000 compteurs par mois.<\/p>\n","protected":false},"excerpt":{"rendered":"<p>Fond\u00e9e en 2006, Roteiro do Saber se sp\u00e9cialise principalement dans la rel\u00e8ve des compteurs d&rsquo;\u00e9lectricit\u00e9, de gaz et d&rsquo;eau dans les r\u00e9gions du Minho et [&hellip;]<\/p>\n","protected":false},"author":1,"featured_media":639,"parent":0,"menu_order":0,"comment_status":"closed","ping_status":"closed","template":"page-apresentacao.php","meta":{"footnotes":""},"class_list":["post-294","page","type-page","status-publish","has-post-thumbnail","hentry"],"_links":{"self":[{"href":"https:\/\/roteirodosaber.com\/fr\/wp-json\/wp\/v2\/pages\/294","targetHints":{"allow":["GET"]}}],"collection":[{"href":"https:\/\/roteirodosaber.com\/fr\/wp-json\/wp\/v2\/pages"}],"about":[{"href":"https:\/\/roteirodosaber.com\/fr\/wp-json\/wp\/v2\/types\/page"}],"author":[{"embeddable":true,"href":"https:\/\/roteirodosaber.com\/fr\/wp-json\/wp\/v2\/users\/1"}],"replies":[{"embeddable":true,"href":"https:\/\/roteirodosaber.com\/fr\/wp-json\/wp\/v2\/comments?post=294"}],"version-history":[{"count":2,"href":"https:\/\/roteirodosaber.com\/fr\/wp-json\/wp\/v2\/pages\/294\/revisions"}],"predecessor-version":[{"id":449,"href":"https:\/\/roteirodosaber.com\/fr\/wp-json\/wp\/v2\/pages\/294\/revisions\/449"}],"wp:featuredmedia":[{"embeddable":true,"href":"https:\/\/roteirodosaber.com\/fr\/wp-json\/wp\/v2\/media\/639"}],"wp:attachment":[{"href":"https:\/\/roteirodosaber.com\/fr\/wp-json\/wp\/v2\/media?parent=294"}],"curies":[{"name":"wp","href":"https:\/\/api.w.org\/{rel}","templated":true}]}}