
{"id":366,"date":"2024-06-26T10:37:01","date_gmt":"2024-06-26T09:37:01","guid":{"rendered":"https:\/\/roteirodosaber.com\/recrutamento\/"},"modified":"2024-10-01T11:45:42","modified_gmt":"2024-10-01T10:45:42","slug":"recrutement","status":"publish","type":"page","link":"https:\/\/roteirodosaber.com\/fr\/recrutement\/","title":{"rendered":"Recrutement"},"content":{"rendered":"<p>Nous sommes toujours \u00e0 la recherche de talents exceptionnels pour rejoindre notre \u00e9quipe ! M\u00eame s&rsquo;il n&rsquo;y a pas de poste correspondant \u00e0 votre profil, nous souhaitons vous rencontrer.<\/p>\n","protected":false},"excerpt":{"rendered":"<p>Nous sommes toujours \u00e0 la recherche de talents exceptionnels pour rejoindre notre \u00e9quipe ! M\u00eame s&rsquo;il n&rsquo;y a pas de poste correspondant \u00e0 votre profil, [&hellip;]<\/p>\n","protected":false},"author":1,"featured_media":0,"parent":0,"menu_order":0,"comment_status":"closed","ping_status":"closed","template":"page-recrutamento.php","meta":{"footnotes":""},"class_list":["post-366","page","type-page","status-publish","hentry"],"_links":{"self":[{"href":"https:\/\/roteirodosaber.com\/fr\/wp-json\/wp\/v2\/pages\/366","targetHints":{"allow":["GET"]}}],"collection":[{"href":"https:\/\/roteirodosaber.com\/fr\/wp-json\/wp\/v2\/pages"}],"about":[{"href":"https:\/\/roteirodosaber.com\/fr\/wp-json\/wp\/v2\/types\/page"}],"author":[{"embeddable":true,"href":"https:\/\/roteirodosaber.com\/fr\/wp-json\/wp\/v2\/users\/1"}],"replies":[{"embeddable":true,"href":"https:\/\/roteirodosaber.com\/fr\/wp-json\/wp\/v2\/comments?post=366"}],"version-history":[{"count":1,"href":"https:\/\/roteirodosaber.com\/fr\/wp-json\/wp\/v2\/pages\/366\/revisions"}],"predecessor-version":[{"id":443,"href":"https:\/\/roteirodosaber.com\/fr\/wp-json\/wp\/v2\/pages\/366\/revisions\/443"}],"wp:attachment":[{"href":"https:\/\/roteirodosaber.com\/fr\/wp-json\/wp\/v2\/media?parent=366"}],"curies":[{"name":"wp","href":"https:\/\/api.w.org\/{rel}","templated":true}]}}