
{"id":376,"date":"2024-06-27T14:01:46","date_gmt":"2024-06-27T13:01:46","guid":{"rendered":"https:\/\/roteirodosaber.com\/politica-ambiental\/"},"modified":"2024-10-01T11:43:43","modified_gmt":"2024-10-01T10:43:43","slug":"politique-environnementale","status":"publish","type":"page","link":"https:\/\/roteirodosaber.com\/fr\/politique-environnementale\/","title":{"rendered":"Politique Environnementale"},"content":{"rendered":"<p>Roteiro do Saber s&rsquo;engage \u00e0 fournir des services et des solutions de qualit\u00e9 r\u00e9pondant aux besoins de ses clients tout en contribuant au d\u00e9veloppement socio-\u00e9conomique des r\u00e9gions o\u00f9 nous op\u00e9rons.<\/p>\n<p>Avec d\u00e9termination, nous jouons un r\u00f4le important dans le d\u00e9veloppement socio-\u00e9conomique de notre r\u00e9gion et de la vaste communaut\u00e9 que nous desservons. En m\u00eame temps, nous nous consacrons \u00e0 promouvoir des pratiques respectant les principes de d\u00e9veloppement durable et de pr\u00e9servation de l&rsquo;environnement.<\/p>\n","protected":false},"excerpt":{"rendered":"<p>Roteiro do Saber s&rsquo;engage \u00e0 fournir des services et des solutions de qualit\u00e9 r\u00e9pondant aux besoins de ses clients tout en contribuant au d\u00e9veloppement socio-\u00e9conomique [&hellip;]<\/p>\n","protected":false},"author":1,"featured_media":0,"parent":0,"menu_order":0,"comment_status":"closed","ping_status":"closed","template":"","meta":{"footnotes":""},"class_list":["post-376","page","type-page","status-publish","hentry"],"_links":{"self":[{"href":"https:\/\/roteirodosaber.com\/fr\/wp-json\/wp\/v2\/pages\/376","targetHints":{"allow":["GET"]}}],"collection":[{"href":"https:\/\/roteirodosaber.com\/fr\/wp-json\/wp\/v2\/pages"}],"about":[{"href":"https:\/\/roteirodosaber.com\/fr\/wp-json\/wp\/v2\/types\/page"}],"author":[{"embeddable":true,"href":"https:\/\/roteirodosaber.com\/fr\/wp-json\/wp\/v2\/users\/1"}],"replies":[{"embeddable":true,"href":"https:\/\/roteirodosaber.com\/fr\/wp-json\/wp\/v2\/comments?post=376"}],"version-history":[{"count":1,"href":"https:\/\/roteirodosaber.com\/fr\/wp-json\/wp\/v2\/pages\/376\/revisions"}],"predecessor-version":[{"id":441,"href":"https:\/\/roteirodosaber.com\/fr\/wp-json\/wp\/v2\/pages\/376\/revisions\/441"}],"wp:attachment":[{"href":"https:\/\/roteirodosaber.com\/fr\/wp-json\/wp\/v2\/media?parent=376"}],"curies":[{"name":"wp","href":"https:\/\/api.w.org\/{rel}","templated":true}]}}