
{"id":381,"date":"2024-06-27T14:01:04","date_gmt":"2024-06-27T13:01:04","guid":{"rendered":"https:\/\/roteirodosaber.com\/politica-de-qualidade\/"},"modified":"2024-10-01T11:42:12","modified_gmt":"2024-10-01T10:42:12","slug":"politique-de-qualite","status":"publish","type":"page","link":"https:\/\/roteirodosaber.com\/fr\/politique-de-qualite\/","title":{"rendered":"Politique de Qualit\u00e9"},"content":{"rendered":"<p>Roteiro do Saber est un prestataire de services d\u00e9di\u00e9 \u00e0 la qualit\u00e9, \u00e0 l&rsquo;attention aux d\u00e9tails et \u00e0 l&rsquo;optimisation des ressources, avec un seul objectif : offrir un service d&rsquo;excellence \u00e0 ses clients.<\/p>\n<p>Ax\u00e9s sur la satisfaction des besoins des clients, nous nous effor\u00e7ons, en collaboration avec tous nos employ\u00e9s, de trouver les solutions de service les plus efficaces. Cette qu\u00eate constante d&rsquo;am\u00e9lioration inclut le partage d&rsquo;exp\u00e9riences, de pr\u00e9occupations et de responsabilit\u00e9s, visant toujours \u00e0 fournir un service personnalis\u00e9 qui inspire le maximum de s\u00e9curit\u00e9 et de confiance \u00e0 nos clients et partenaires.<\/p>\n","protected":false},"excerpt":{"rendered":"<p>Roteiro do Saber est un prestataire de services d\u00e9di\u00e9 \u00e0 la qualit\u00e9, \u00e0 l&rsquo;attention aux d\u00e9tails et \u00e0 l&rsquo;optimisation des ressources, avec un seul objectif [&hellip;]<\/p>\n","protected":false},"author":1,"featured_media":1066,"parent":0,"menu_order":0,"comment_status":"closed","ping_status":"closed","template":"","meta":{"footnotes":""},"class_list":["post-381","page","type-page","status-publish","has-post-thumbnail","hentry"],"_links":{"self":[{"href":"https:\/\/roteirodosaber.com\/fr\/wp-json\/wp\/v2\/pages\/381","targetHints":{"allow":["GET"]}}],"collection":[{"href":"https:\/\/roteirodosaber.com\/fr\/wp-json\/wp\/v2\/pages"}],"about":[{"href":"https:\/\/roteirodosaber.com\/fr\/wp-json\/wp\/v2\/types\/page"}],"author":[{"embeddable":true,"href":"https:\/\/roteirodosaber.com\/fr\/wp-json\/wp\/v2\/users\/1"}],"replies":[{"embeddable":true,"href":"https:\/\/roteirodosaber.com\/fr\/wp-json\/wp\/v2\/comments?post=381"}],"version-history":[{"count":1,"href":"https:\/\/roteirodosaber.com\/fr\/wp-json\/wp\/v2\/pages\/381\/revisions"}],"predecessor-version":[{"id":440,"href":"https:\/\/roteirodosaber.com\/fr\/wp-json\/wp\/v2\/pages\/381\/revisions\/440"}],"wp:featuredmedia":[{"embeddable":true,"href":"https:\/\/roteirodosaber.com\/fr\/wp-json\/wp\/v2\/media\/1066"}],"wp:attachment":[{"href":"https:\/\/roteirodosaber.com\/fr\/wp-json\/wp\/v2\/media?parent=381"}],"curies":[{"name":"wp","href":"https:\/\/api.w.org\/{rel}","templated":true}]}}