
{"id":391,"date":"2024-06-25T13:44:18","date_gmt":"2024-06-25T12:44:18","guid":{"rendered":"https:\/\/roteirodosaber.com\/resolucao-alternativa-de-litigios\/"},"modified":"2024-10-01T10:58:08","modified_gmt":"2024-10-01T09:58:08","slug":"reglement-alternatif-des-litiges","status":"publish","type":"page","link":"https:\/\/roteirodosaber.com\/fr\/reglement-alternatif-des-litiges\/","title":{"rendered":"R\u00e8glement Alternatif des Litiges"},"content":{"rendered":"<p>Conform\u00e9ment \u00e0 la Loi n\u00b0 144\/2015, nous informons qu&rsquo;en cas de litige, le forum comp\u00e9tent auquel le consommateur peut s&rsquo;adresser est le suivant:<\/p>\n<h2>Viana do Castelo<\/h2>\n<p>Av. Rocha Paris, 103<br \/>\n4900-394 Viana do Castelo<br \/>\nT\u00e9l: 258 809 335 | Fax: 258 809 389<br \/>\nciab.viana@cm-viana-castelo.pt<\/p>\n<h2>Braga<\/h2>\n<p>Rua D. Afonso Henriques,1<br \/>\n4700-030 Braga<br \/>\nT\u00e9l: 253 617 604 | Fax: 253 617 605<br \/>\ngeral@ciab.pt | www.ciab.pt<\/p>\n","protected":false},"excerpt":{"rendered":"<p>Conform\u00e9ment \u00e0 la Loi n\u00b0 144\/2015, nous informons qu&rsquo;en cas de litige, le forum comp\u00e9tent auquel le consommateur peut s&rsquo;adresser est le suivant: Viana do [&hellip;]<\/p>\n","protected":false},"author":1,"featured_media":0,"parent":0,"menu_order":0,"comment_status":"closed","ping_status":"closed","template":"","meta":{"footnotes":""},"class_list":["post-391","page","type-page","status-publish","hentry"],"_links":{"self":[{"href":"https:\/\/roteirodosaber.com\/fr\/wp-json\/wp\/v2\/pages\/391","targetHints":{"allow":["GET"]}}],"collection":[{"href":"https:\/\/roteirodosaber.com\/fr\/wp-json\/wp\/v2\/pages"}],"about":[{"href":"https:\/\/roteirodosaber.com\/fr\/wp-json\/wp\/v2\/types\/page"}],"author":[{"embeddable":true,"href":"https:\/\/roteirodosaber.com\/fr\/wp-json\/wp\/v2\/users\/1"}],"replies":[{"embeddable":true,"href":"https:\/\/roteirodosaber.com\/fr\/wp-json\/wp\/v2\/comments?post=391"}],"version-history":[{"count":1,"href":"https:\/\/roteirodosaber.com\/fr\/wp-json\/wp\/v2\/pages\/391\/revisions"}],"predecessor-version":[{"id":436,"href":"https:\/\/roteirodosaber.com\/fr\/wp-json\/wp\/v2\/pages\/391\/revisions\/436"}],"wp:attachment":[{"href":"https:\/\/roteirodosaber.com\/fr\/wp-json\/wp\/v2\/media?parent=391"}],"curies":[{"name":"wp","href":"https:\/\/api.w.org\/{rel}","templated":true}]}}