
{"id":703,"date":"2024-10-31T16:39:53","date_gmt":"2024-10-31T16:39:53","guid":{"rendered":"https:\/\/roteirodosaber.com\/campanha-de-lancamento\/"},"modified":"2025-05-06T16:06:02","modified_gmt":"2025-05-06T15:06:02","slug":"campagne-de-lancement","status":"publish","type":"page","link":"https:\/\/roteirodosaber.com\/fr\/campagne-de-lancement\/","title":{"rendered":"Campagne de Lancement"},"content":{"rendered":"<h2>\u00c9nergie Intelligente pour l\u2019Avenir<\/h2>\n<p>D\u00e9couvrez SigenStor, la solution innovante de stockage d\u2019\u00e9nergie, d\u00e9sormais disponible chez Roteiro do Saber.<\/p>\n<p>Utilisable avec ou sans panneaux solaires.<\/p>\n<p>Obtenez un syst\u00e8me \u00e9nerg\u00e9tique 5-en-1 qui combine une batterie, un onduleur solaire, un chargeur EV DC, une gestion intelligente de l\u2019\u00e9nergie et une source de secours dans un seul appareil.<\/p>\n<p><strong>. Efficacit\u00e9 et durabilit\u00e9<\/strong> \u2013 Stockez l\u2019\u00e9nergie solaire et r\u00e9duisez votre d\u00e9pendance au r\u00e9seau \u00e9lectrique<br \/>\n<strong>. Conception modulaire et flexible<\/strong> \u2013 \u00c9tendez la capacit\u00e9 jusqu\u2019\u00e0 48 kWh selon vos besoins<br \/>\n<strong>. Recharge intelligente pour v\u00e9hicules \u00e9lectriques<\/strong> \u2013 Optimisez la consommation et rechargez votre v\u00e9hicule directement avec l\u2019\u00e9nergie solaire<br \/>\n<strong>. Gestion de l\u2019\u00e9nergie optimis\u00e9e par IA<\/strong> \u2013 Surveillez et contr\u00f4lez votre \u00e9nergie via une application intuitive<br \/>\n<strong>. Source d\u2019alimentation de secours<\/strong> \u2013 Prot\u00e9gez-vous contre les coupures de courant et assurez une alimentation continue<\/p>\n<p><img loading=\"lazy\" decoding=\"async\" class=\"alignnone wp-image-681\" src=\"https:\/\/roteirodosaber.com\/wp-content\/uploads\/2025\/02\/Group-120-209x300.png\" alt=\"\" width=\"312\" height=\"448\" srcset=\"https:\/\/roteirodosaber.com\/wp-content\/uploads\/2025\/02\/Group-120-209x300.png 209w, https:\/\/roteirodosaber.com\/wp-content\/uploads\/2025\/02\/Group-120.png 695w\" sizes=\"auto, (max-width: 312px) 100vw, 312px\" \/><\/p>\n<p data-pm-slice=\"1 1 []\">Si vous recherchez une solution \u00e9nerg\u00e9tique performante pour votre maison ou votre entreprise, SigenStor est la r\u00e9ponse.<\/p>\n","protected":false},"excerpt":{"rendered":"<p>\u00c9nergie Intelligente pour l\u2019Avenir D\u00e9couvrez SigenStor, la solution innovante de stockage d\u2019\u00e9nergie, d\u00e9sormais disponible chez Roteiro do Saber. Utilisable avec ou sans panneaux solaires. Obtenez [&hellip;]<\/p>\n","protected":false},"author":1,"featured_media":683,"parent":0,"menu_order":0,"comment_status":"closed","ping_status":"closed","template":"page-campanhas-baterias.php","meta":{"footnotes":""},"class_list":["post-703","page","type-page","status-publish","has-post-thumbnail","hentry"],"_links":{"self":[{"href":"https:\/\/roteirodosaber.com\/fr\/wp-json\/wp\/v2\/pages\/703","targetHints":{"allow":["GET"]}}],"collection":[{"href":"https:\/\/roteirodosaber.com\/fr\/wp-json\/wp\/v2\/pages"}],"about":[{"href":"https:\/\/roteirodosaber.com\/fr\/wp-json\/wp\/v2\/types\/page"}],"author":[{"embeddable":true,"href":"https:\/\/roteirodosaber.com\/fr\/wp-json\/wp\/v2\/users\/1"}],"replies":[{"embeddable":true,"href":"https:\/\/roteirodosaber.com\/fr\/wp-json\/wp\/v2\/comments?post=703"}],"version-history":[{"count":3,"href":"https:\/\/roteirodosaber.com\/fr\/wp-json\/wp\/v2\/pages\/703\/revisions"}],"predecessor-version":[{"id":789,"href":"https:\/\/roteirodosaber.com\/fr\/wp-json\/wp\/v2\/pages\/703\/revisions\/789"}],"wp:featuredmedia":[{"embeddable":true,"href":"https:\/\/roteirodosaber.com\/fr\/wp-json\/wp\/v2\/media\/683"}],"wp:attachment":[{"href":"https:\/\/roteirodosaber.com\/fr\/wp-json\/wp\/v2\/media?parent=703"}],"curies":[{"name":"wp","href":"https:\/\/api.w.org\/{rel}","templated":true}]}}