
{"id":707,"date":"2024-11-28T18:01:09","date_gmt":"2024-11-28T18:01:09","guid":{"rendered":"https:\/\/roteirodosaber.com\/campanha-especial\/"},"modified":"2025-05-06T17:25:41","modified_gmt":"2025-05-06T16:25:41","slug":"campagne-speciale","status":"publish","type":"page","link":"https:\/\/roteirodosaber.com\/fr\/campagne-speciale\/","title":{"rendered":"Campagne Sp\u00e9ciale"},"content":{"rendered":"<h2>Kit de 4 Panneaux Photovolta\u00efques<\/h2>\n<ul>\n<li>Structure pour 4 Panneaux<\/li>\n<li>Onduleur Monophas\u00e9<\/li>\n<li>Surveillance Wi-Fi<\/li>\n<li>Main-d&rsquo;\u0153uvre incluse !<\/li>\n<\/ul>\n<p><img loading=\"lazy\" decoding=\"async\" width=\"629\" height=\"719\" class=\"alignnone size-medium wp-image-477\" src=\"https:\/\/roteirodosaber.com\/wp-content\/uploads\/2024\/10\/Kit-6-Paineis-Fotovoltaicos-1.png\" alt=\"Kit 6 Pain\u00e9is Fotovoltaicos\" srcset=\"https:\/\/roteirodosaber.com\/wp-content\/uploads\/2024\/10\/Kit-6-Paineis-Fotovoltaicos-1.png 629w, https:\/\/roteirodosaber.com\/wp-content\/uploads\/2024\/10\/Kit-6-Paineis-Fotovoltaicos-1-262x300.png 262w\" sizes=\"auto, (max-width: 629px) 100vw, 629px\" \/><\/p>\n","protected":false},"excerpt":{"rendered":"<p>Kit de 4 Panneaux Photovolta\u00efques Structure pour 4 Panneaux Onduleur Monophas\u00e9 Surveillance Wi-Fi Main-d&rsquo;\u0153uvre incluse !<\/p>\n","protected":false},"author":1,"featured_media":479,"parent":0,"menu_order":0,"comment_status":"closed","ping_status":"closed","template":"page-campanhas-solar.php","meta":{"footnotes":""},"class_list":["post-707","page","type-page","status-publish","has-post-thumbnail","hentry"],"_links":{"self":[{"href":"https:\/\/roteirodosaber.com\/fr\/wp-json\/wp\/v2\/pages\/707","targetHints":{"allow":["GET"]}}],"collection":[{"href":"https:\/\/roteirodosaber.com\/fr\/wp-json\/wp\/v2\/pages"}],"about":[{"href":"https:\/\/roteirodosaber.com\/fr\/wp-json\/wp\/v2\/types\/page"}],"author":[{"embeddable":true,"href":"https:\/\/roteirodosaber.com\/fr\/wp-json\/wp\/v2\/users\/1"}],"replies":[{"embeddable":true,"href":"https:\/\/roteirodosaber.com\/fr\/wp-json\/wp\/v2\/comments?post=707"}],"version-history":[{"count":1,"href":"https:\/\/roteirodosaber.com\/fr\/wp-json\/wp\/v2\/pages\/707\/revisions"}],"predecessor-version":[{"id":795,"href":"https:\/\/roteirodosaber.com\/fr\/wp-json\/wp\/v2\/pages\/707\/revisions\/795"}],"wp:featuredmedia":[{"embeddable":true,"href":"https:\/\/roteirodosaber.com\/fr\/wp-json\/wp\/v2\/media\/479"}],"wp:attachment":[{"href":"https:\/\/roteirodosaber.com\/fr\/wp-json\/wp\/v2\/media?parent=707"}],"curies":[{"name":"wp","href":"https:\/\/api.w.org\/{rel}","templated":true}]}}