
{"id":967,"date":"2025-09-17T15:20:06","date_gmt":"2025-09-17T14:20:06","guid":{"rendered":"https:\/\/roteirodosaber.com\/ar-condicionado-a-sua-medida\/"},"modified":"2025-09-17T15:38:17","modified_gmt":"2025-09-17T14:38:17","slug":"climatisation-sur-mesure","status":"publish","type":"page","link":"https:\/\/roteirodosaber.com\/fr\/climatisation-sur-mesure\/","title":{"rendered":"Climatisation sur mesure"},"content":{"rendered":"<p>Transformez votre espace avec un syst\u00e8me de climatisation efficace, silencieux et adapt\u00e9 \u00e0 vos besoins.<\/p>\n<ul>\n<li>Temp\u00e9rature id\u00e9ale en toute saison<\/li>\n<li>Solutions \u00e9conomiques et \u00e0 faible consommation d\u2019\u00e9nergie<\/li>\n<li>Installation rapide et professionnelle<\/li>\n<\/ul>\n<p><img loading=\"lazy\" decoding=\"async\" class=\"alignnone size-medium wp-image-959\" src=\"https:\/\/roteirodosaber.com\/wp-content\/uploads\/2025\/09\/roteiro-do-saber-AC-300x154.webp\" alt=\"Ar Condicionado\" width=\"300\" height=\"154\" srcset=\"https:\/\/roteirodosaber.com\/wp-content\/uploads\/2025\/09\/roteiro-do-saber-AC-300x154.webp 300w, https:\/\/roteirodosaber.com\/wp-content\/uploads\/2025\/09\/roteiro-do-saber-AC-768x394.webp 768w, https:\/\/roteirodosaber.com\/wp-content\/uploads\/2025\/09\/roteiro-do-saber-AC.webp 857w\" sizes=\"auto, (max-width: 300px) 100vw, 300px\" \/><\/p>\n<p>Recevez une proposition adapt\u00e9e \u00e0 votre espace.<\/p>\n","protected":false},"excerpt":{"rendered":"<p>Transformez votre espace avec un syst\u00e8me de climatisation efficace, silencieux et adapt\u00e9 \u00e0 vos besoins. Temp\u00e9rature id\u00e9ale en toute saison Solutions \u00e9conomiques et \u00e0 faible [&hellip;]<\/p>\n","protected":false},"author":1,"featured_media":961,"parent":0,"menu_order":0,"comment_status":"closed","ping_status":"closed","template":"page-ac.php","meta":{"footnotes":""},"class_list":["post-967","page","type-page","status-publish","has-post-thumbnail","hentry"],"_links":{"self":[{"href":"https:\/\/roteirodosaber.com\/fr\/wp-json\/wp\/v2\/pages\/967","targetHints":{"allow":["GET"]}}],"collection":[{"href":"https:\/\/roteirodosaber.com\/fr\/wp-json\/wp\/v2\/pages"}],"about":[{"href":"https:\/\/roteirodosaber.com\/fr\/wp-json\/wp\/v2\/types\/page"}],"author":[{"embeddable":true,"href":"https:\/\/roteirodosaber.com\/fr\/wp-json\/wp\/v2\/users\/1"}],"replies":[{"embeddable":true,"href":"https:\/\/roteirodosaber.com\/fr\/wp-json\/wp\/v2\/comments?post=967"}],"version-history":[{"count":2,"href":"https:\/\/roteirodosaber.com\/fr\/wp-json\/wp\/v2\/pages\/967\/revisions"}],"predecessor-version":[{"id":975,"href":"https:\/\/roteirodosaber.com\/fr\/wp-json\/wp\/v2\/pages\/967\/revisions\/975"}],"wp:featuredmedia":[{"embeddable":true,"href":"https:\/\/roteirodosaber.com\/fr\/wp-json\/wp\/v2\/media\/961"}],"wp:attachment":[{"href":"https:\/\/roteirodosaber.com\/fr\/wp-json\/wp\/v2\/media?parent=967"}],"curies":[{"name":"wp","href":"https:\/\/api.w.org\/{rel}","templated":true}]}}